{"id":471,"date":"2025-05-05T21:49:07","date_gmt":"2025-05-05T19:49:07","guid":{"rendered":"https:\/\/mandarabeach.harko.fr\/?page_id=471"},"modified":"2025-05-22T16:34:54","modified_gmt":"2025-05-22T14:34:54","slug":"acces","status":"publish","type":"page","link":"https:\/\/mandarabeach.com\/fr\/acces\/","title":{"rendered":"Acc\u00e8s"},"content":{"rendered":"<p><div class=\"fusion-fullwidth fullwidth-box fusion-builder-row-1 fusion-flex-container has-pattern-background has-mask-background nonhundred-percent-fullwidth non-hundred-percent-height-scrolling\" style=\"--awb-border-radius-top-left:0px;--awb-border-radius-top-right:0px;--awb-border-radius-bottom-right:0px;--awb-border-radius-bottom-left:0px;--awb-padding-top:5%;--awb-flex-wrap:wrap;\" ><div class=\"fusion-builder-row fusion-row fusion-flex-align-items-flex-start fusion-flex-content-wrap\" style=\"max-width:1248px;margin-left: calc(-4% \/ 2 );margin-right: calc(-4% \/ 2 );\"><div class=\"fusion-layout-column fusion_builder_column fusion-builder-column-0 fusion_builder_column_1_1 1_1 fusion-flex-column\" style=\"--awb-bg-size:cover;--awb-width-large:100%;--awb-margin-top-large:0px;--awb-spacing-right-large:1.92%;--awb-margin-bottom-large:20px;--awb-spacing-left-large:1.92%;--awb-width-medium:100%;--awb-order-medium:0;--awb-spacing-right-medium:1.92%;--awb-spacing-left-medium:1.92%;--awb-width-small:100%;--awb-order-small:0;--awb-spacing-right-small:1.92%;--awb-spacing-left-small:1.92%;\"><div class=\"fusion-column-wrapper fusion-column-has-shadow fusion-flex-justify-content-flex-start fusion-content-layout-column\">\t\t\t\t\t<script type=\"text\/javascript\">\n\t\t\t\t\t\tvar map_fusion_map_69e3783f94fde;\n\t\t\t\t\t\tvar markers = [];\n\t\t\t\t\t\tvar counter = 0;\n\t\t\t\t\t\t\t\t\t\t\t\t\t\t\t\t\t\t\t\tvar fusionMapNonce = '33559a2f87';\n\t\t\t\t\t\t\t\t\t\t\t\tfunction fusion_run_map_fusion_map_69e3783f94fde() {\n\t\t\t\t\t\t\tjQuery ('#fusion_map_69e3783f94fde' ).fusion_maps( {\n\t\t\t\t\t\t\t\taddresses: [{\"address\":\"25 Vieux Chemin de la Colle, 06160 Antibes\",\"infobox_content\":\"25 Vieux Chemin de la Colle, 06160 Antibes\",\"coordinates\":false,\"cache\":true,\"latitude\":\"43.5744048\",\"longitude\":\"7.103078500000001\"}],\n\t\t\t\t\t\t\t\tanimations: false,\n\t\t\t\t\t\t\t\tinfobox_background_color: '',\n\t\t\t\t\t\t\t\tinfobox_styling: 'default',\n\t\t\t\t\t\t\t\tinfobox_text_color: '',\n\t\t\t\t\t\t\t\tmap_style: 'default',\n\t\t\t\t\t\t\t\tmap_type: 'roadmap',\n\t\t\t\t\t\t\t\tmarker_icon: '',\n\t\t\t\t\t\t\t\toverlay_color: '',\n\t\t\t\t\t\t\t\toverlay_color_hsl: {\"hue\":0,\"sat\":0,\"lum\":100},\n\t\t\t\t\t\t\t\tshow_address: true,\n\t\t\t\t\t\t\t\tscale_control: true,\n\t\t\t\t\t\t\t\tscrollwheel: true,\n\t\t\t\t\t\t\t\tzoom: 14,\n\t\t\t\t\t\t\t\tzoom_control: true,\n\t\t\t\t\t\t\t} );\n\t\t\t\t\t\t}\n\n\t\t\t\t\t\tgoogle.maps.event.addDomListener(window, 'load', fusion_run_map_fusion_map_69e3783f94fde);\n\t\t\t\t\t<\/script>\n\t\t\t\t\t<div class=\"shortcode-map fusion-google-map fusion-maps-js-type\" style=\"--awb-height:400px;\" id=\"fusion_map_69e3783f94fde\"><\/div><\/div><\/div><\/div><\/div><div class=\"fusion-fullwidth fullwidth-box fusion-builder-row-2 fusion-flex-container has-pattern-background has-mask-background nonhundred-percent-fullwidth non-hundred-percent-height-scrolling\" style=\"--awb-border-radius-top-left:0px;--awb-border-radius-top-right:0px;--awb-border-radius-bottom-right:0px;--awb-border-radius-bottom-left:0px;--awb-padding-top:5%;--awb-flex-wrap:wrap;\" ><div class=\"fusion-builder-row fusion-row fusion-flex-align-items-flex-start fusion-flex-content-wrap\" style=\"max-width:1248px;margin-left: calc(-4% \/ 2 );margin-right: calc(-4% \/ 2 );\"><div class=\"fusion-layout-column fusion_builder_column fusion-builder-column-1 fusion_builder_column_1_1 1_1 fusion-flex-column\" style=\"--awb-bg-size:cover;--awb-width-large:100%;--awb-margin-top-large:0px;--awb-spacing-right-large:1.92%;--awb-margin-bottom-large:20px;--awb-spacing-left-large:1.92%;--awb-width-medium:100%;--awb-order-medium:0;--awb-spacing-right-medium:1.92%;--awb-spacing-left-medium:1.92%;--awb-width-small:100%;--awb-order-small:0;--awb-spacing-right-small:1.92%;--awb-spacing-left-small:1.92%;\"><div class=\"fusion-column-wrapper fusion-column-has-shadow fusion-flex-justify-content-flex-start fusion-content-layout-column\"><div class=\"fusion-title title fusion-title-1 fusion-sep-none fusion-title-text fusion-title-size-three\" style=\"--awb-margin-top:0px;--awb-margin-right:0px;--awb-margin-left:0px;--awb-margin-top-small:0px;--awb-margin-right-small:0px;--awb-margin-left-small:0px;\"><h3 class=\"fusion-title-heading title-heading-left\" style=\"margin:0;\">Avion<\/h3><\/div><div class=\"fusion-title title fusion-title-2 fusion-sep-none fusion-title-text fusion-title-size-four\" style=\"--awb-margin-top:0px;--awb-margin-right:0px;--awb-margin-left:0px;--awb-margin-top-small:0px;--awb-margin-right-small:0px;--awb-margin-left-small:0px;\"><h4 class=\"fusion-title-heading title-heading-left\" style=\"margin:0;\">\u00e0 partir de NICE (23,0 km)<\/h4><\/div><div class=\"fusion-text fusion-text-1\"><p>VTC \/ Location de voiture :<br \/>\nDur\u00e9e : environ 20 minutes depuis l\u2019a\u00e9roport de Nice jusqu\u2019\u00e0 Juan-les-Pins.<br \/>\nNavette directe depuis l\u2019a\u00e9roport :<br \/>\nNavette n\u00b082 (Terminal 2, entre les portes A2\/A3, de 08h00 \u00e0 22h00)<br \/>\nDur\u00e9e : Environ 50 minutes.<br \/>\nArr\u00eat : Antibes Les Eucalyptus (\u00e0 4 minutes en VTC ou 20 minutes \u00e0 pied).<br \/>\nGare de Nice Saint-Augustin (TER vers Antibes \/ Juan-les-Pins) :<br \/>\nDistance : 3 minutes en VTC ou 10 minutes \u00e0 pied depuis l\u2019a\u00e9roport.<br \/>\nDur\u00e9e : environ 30 minutes.<br \/>\nArriv\u00e9e \u00e0 la gare de Juan-les-Pins : \u00e0 5 minutes en VTC ou 15 minutes \u00e0 pied de Mandara Beach.<\/p>\n<\/div><div class=\"fusion-title title fusion-title-3 fusion-sep-none fusion-title-text fusion-title-size-four\" style=\"--awb-margin-top:0px;--awb-margin-right:0px;--awb-margin-left:0px;--awb-margin-top-small:0px;--awb-margin-right-small:0px;--awb-margin-left-small:0px;\"><h4 class=\"fusion-title-heading title-heading-left\" style=\"margin:0;\">\u00e0 partir de MARSEILLE (183,0 km)<\/h4><\/div><div class=\"fusion-text fusion-text-2\"><p>VTC \/ V\u00e9hicule de location \/ VTC \/ Car Rental<br \/>\nDur\u00e9e : environ 1h45 de Marseille \u00e0 Juan-les-Pins.<br \/>\nNavette directe depuis l\u2019a\u00e9roport : environ 2h20. Arriv\u00e9e route de Grasse \u00e0 Antibes (\u00e0 10 minutes en VTC).<br \/>\nGare de Marseille Saint-Charles \u2013 TER direction Cannes \/ Antibes \/ Marseille Saint-Charles Train Station \u2013 TER to Cannes \/ Antibes<br \/>\nVTC depuis la gare : l\u2019a\u00e9roport est \u00e0 30 minutes en VTC de la gare. Environ 2h00 pour rejoindre Juan-les-Pins depuis la gare.<br \/>\nArriv\u00e9e \u00e0 la gare d&rsquo;Antibes \u2013 Options :<br \/>\nOption 1 : 7 minutes en VTC ou 30 minutes \u00e0 pied jusqu\u2019\u00e0 Mandara Beach.<br \/>\nOption 2 : 2 minutes de TER en direction de Juan-les-Pins, puis 5 minutes en VTC ou 15 minutes \u00e0 pied jusqu\u2019\u00e0 Mandara Beach.<\/p>\n<\/div><\/div><\/div><\/div><\/div><div class=\"fusion-fullwidth fullwidth-box fusion-builder-row-3 fusion-flex-container has-pattern-background has-mask-background nonhundred-percent-fullwidth non-hundred-percent-height-scrolling\" style=\"--awb-border-radius-top-left:0px;--awb-border-radius-top-right:0px;--awb-border-radius-bottom-right:0px;--awb-border-radius-bottom-left:0px;--awb-padding-top:5%;--awb-flex-wrap:wrap;\" ><div class=\"fusion-builder-row fusion-row fusion-flex-align-items-flex-start fusion-flex-content-wrap\" style=\"max-width:1248px;margin-left: calc(-4% \/ 2 );margin-right: calc(-4% \/ 2 );\"><div class=\"fusion-layout-column fusion_builder_column fusion-builder-column-2 fusion_builder_column_1_1 1_1 fusion-flex-column\" style=\"--awb-bg-size:cover;--awb-width-large:100%;--awb-margin-top-large:0px;--awb-spacing-right-large:1.92%;--awb-margin-bottom-large:20px;--awb-spacing-left-large:1.92%;--awb-width-medium:100%;--awb-order-medium:0;--awb-spacing-right-medium:1.92%;--awb-spacing-left-medium:1.92%;--awb-width-small:100%;--awb-order-small:0;--awb-spacing-right-small:1.92%;--awb-spacing-left-small:1.92%;\"><div class=\"fusion-column-wrapper fusion-column-has-shadow fusion-flex-justify-content-flex-start fusion-content-layout-column\"><div class=\"fusion-title title fusion-title-4 fusion-sep-none fusion-title-text fusion-title-size-three\" style=\"--awb-margin-top:0px;--awb-margin-right:0px;--awb-margin-left:0px;--awb-margin-top-small:0px;--awb-margin-right-small:0px;--awb-margin-left-small:0px;\"><h3 class=\"fusion-title-heading title-heading-left\" style=\"margin:0;\">Train<\/h3><\/div><div class=\"fusion-title title fusion-title-5 fusion-sep-none fusion-title-text fusion-title-size-four\" style=\"--awb-margin-top:0px;--awb-margin-right:0px;--awb-margin-left:0px;--awb-margin-top-small:0px;--awb-margin-right-small:0px;--awb-margin-left-small:0px;\"><h4 class=\"fusion-title-heading title-heading-left\" style=\"margin:0;\">\u00e0 partir de ANTIBES (3,0 km)<\/h4><\/div><div class=\"fusion-text fusion-text-3\"><p>Option 1 :<br \/>\nVTC : 7 minutes en VTC depuis la gare d&rsquo;Antibes jusqu&rsquo;\u00e0 Mandara Beach.<br \/>\n\u00c0 pied : 30 minutes de marche pour rejoindre la r\u00e9sidence.<\/p>\n<p>Option 2 :<br \/>\nTrain TER : prenez un TER en direction de la gare de Juan-les-Pins (2 minutes de trajet), puis un VTC (5 minutes) ou 15 minutes \u00e0 pied pour arriver \u00e0 Mandara Beach.<\/p>\n<\/div><\/div><\/div><\/div><\/div><div class=\"fusion-fullwidth fullwidth-box fusion-builder-row-4 fusion-flex-container has-pattern-background has-mask-background nonhundred-percent-fullwidth non-hundred-percent-height-scrolling\" style=\"--awb-border-radius-top-left:0px;--awb-border-radius-top-right:0px;--awb-border-radius-bottom-right:0px;--awb-border-radius-bottom-left:0px;--awb-padding-top:5%;--awb-flex-wrap:wrap;\" ><div class=\"fusion-builder-row fusion-row fusion-flex-align-items-flex-start fusion-flex-content-wrap\" style=\"max-width:1248px;margin-left: calc(-4% \/ 2 );margin-right: calc(-4% \/ 2 );\"><div class=\"fusion-layout-column fusion_builder_column fusion-builder-column-3 fusion_builder_column_1_1 1_1 fusion-flex-column\" style=\"--awb-bg-size:cover;--awb-width-large:100%;--awb-margin-top-large:0px;--awb-spacing-right-large:1.92%;--awb-margin-bottom-large:20px;--awb-spacing-left-large:1.92%;--awb-width-medium:100%;--awb-order-medium:0;--awb-spacing-right-medium:1.92%;--awb-spacing-left-medium:1.92%;--awb-width-small:100%;--awb-order-small:0;--awb-spacing-right-small:1.92%;--awb-spacing-left-small:1.92%;\"><div class=\"fusion-column-wrapper fusion-column-has-shadow fusion-flex-justify-content-flex-start fusion-content-layout-column\"><div class=\"fusion-title title fusion-title-6 fusion-sep-none fusion-title-text fusion-title-size-three\" style=\"--awb-margin-top:0px;--awb-margin-right:0px;--awb-margin-left:0px;--awb-margin-top-small:0px;--awb-margin-right-small:0px;--awb-margin-left-small:0px;\"><h3 class=\"fusion-title-heading title-heading-left\" style=\"margin:0;\">Voiture<\/h3><\/div><div class=\"fusion-title title fusion-title-7 fusion-sep-none fusion-title-text fusion-title-size-four\" style=\"--awb-margin-top:0px;--awb-margin-right:0px;--awb-margin-left:0px;--awb-margin-top-small:0px;--awb-margin-right-small:0px;--awb-margin-left-small:0px;\"><h4 class=\"fusion-title-heading title-heading-left\" style=\"margin:0;\">\u00e0 partir de NICE (23,0 km)<\/h4><\/div><div class=\"fusion-text fusion-text-4\"><p>Itin\u00e9raire en voiture de Nice \u00e0 Juan-les-Pins :<br \/>\nD\u00e9part de Nice : depuis le centre-ville de Nice, prenez la Voie Pierre Mathis en direction de l&rsquo;ouest.<br \/>\nAutoroute A8 : prenez l&rsquo;autoroute A8 en direction de Cannes \/ Aix-en-Provence.<br \/>\nSortie 44 - Antibes : apr\u00e8s environ 15 km, prenez la sortie 44 pour Antibes \/ Juan-les-Pins \/ Sophia Antipolis.<br \/>\nRoute de Grasse (D35) : apr\u00e8s le p\u00e9age, au rond-point, prenez la 2\u1d49 sortie sur la D35 (Route de Grasse) en direction de Juan-les-Pins.<br \/>\nP\u00e9ages : ce trajet inclut un p\u00e9age d&rsquo;environ 1,70 \u20ac.<br \/>\nParking : parking priv\u00e9 disponible sur r\u00e9servation uniquement, selon les disponibilit\u00e9s, au tarif de 15\u20ac\/jour. Stationnement gratuit dans la rue possible.<\/p>\n<\/div><div class=\"fusion-title title fusion-title-8 fusion-sep-none fusion-title-text fusion-title-size-four\" style=\"--awb-margin-top:0px;--awb-margin-right:0px;--awb-margin-left:0px;--awb-margin-top-small:0px;--awb-margin-right-small:0px;--awb-margin-left-small:0px;\"><h4 class=\"fusion-title-heading title-heading-left\" style=\"margin:0;\">\u00e0 partir de MARSEILLE (183,0 km)<\/h4><\/div><div class=\"fusion-text fusion-text-5\"><p>D\u00e9part de Marseille : prenez l&rsquo;autoroute A50 en direction de l&rsquo;est.<br \/>\nAutoroute A8 : apr\u00e8s environ 20 km, suivez la sortie pour l&rsquo;A52 en direction de Nice\/Aix-en-Provence, puis continuez sur l&rsquo;A8 (La Proven\u00e7ale) en direction de Nice.<br \/>\nSortie Antibes : apr\u00e8s 140 km, prenez la sortie 44 vers Antibes, Juan-les-Pins, Sophia Antipolis.<br \/>\nRoute de Grasse (D35) : au rond-point apr\u00e8s le p\u00e9age, prenez la 4\u1d49 sortie sur la D35 (Route de Grasse) en direction de Juan-les-Pins.<br \/>\nP\u00e9ages : ce trajet inclut des p\u00e9ages, co\u00fbt estim\u00e9 \u00e0 environ 19,20 \u20ac.<br \/>\nParking : parking priv\u00e9 disponible uniquement sur r\u00e9servation, selon les disponibilit\u00e9s, \u00e0 15\u20ac\/jour. Stationnement gratuit dans la rue \u00e9galement disponible.<\/p>\n<\/div><div class=\"fusion-title title fusion-title-9 fusion-sep-none fusion-title-text fusion-title-size-four\" style=\"--awb-margin-top:0px;--awb-margin-right:0px;--awb-margin-left:0px;--awb-margin-top-small:0px;--awb-margin-right-small:0px;--awb-margin-left-small:0px;\"><h4 class=\"fusion-title-heading title-heading-left\" style=\"margin:0;\">\u00e0 partir de PARIS (900,0 km)<\/h4><\/div><div class=\"fusion-text fusion-text-6\"><p>Sortie de Paris : prenez l&rsquo;autoroute A6 en direction de Lyon.<br \/>\nAutoroute A7 (Autoroute du Soleil) : depuis l&rsquo;A6, continuez sur l&rsquo;A7 apr\u00e8s Lyon, en direction de Marseille.<br \/>\nAutoroute A8 (La Proven\u00e7ale) : une fois \u00e0 proximit\u00e9 de Marseille, rejoignez l&rsquo;A8 en direction de Nice.<br \/>\nSortie 44 - Antibes : sur l&rsquo;A8, prenez la sortie 44 pour Antibes \/ Juan-les-Pins \/ Sophia Antipolis.<br \/>\nVeuillez noter que cet itin\u00e9raire comprend un p\u00e9age, avec un co\u00fbt estim\u00e9 \u00e0 80\u20ac.<br \/>\nParking : disponible sur place uniquement sur r\u00e9servation \u00e0 l&rsquo;avance et selon les disponibilit\u00e9s. Tarif : 15\u20ac\/jour. Il est \u00e9galement possible de stationner gratuitement dans la rue.<\/p>\n<\/div><\/div><\/div><div class=\"fusion-layout-column fusion_builder_column fusion-builder-column-4 fusion_builder_column_1_1 1_1 fusion-flex-column\" style=\"--awb-bg-size:cover;--awb-width-large:100%;--awb-margin-top-large:0px;--awb-spacing-right-large:1.92%;--awb-margin-bottom-large:20px;--awb-spacing-left-large:1.92%;--awb-width-medium:100%;--awb-order-medium:0;--awb-spacing-right-medium:1.92%;--awb-spacing-left-medium:1.92%;--awb-width-small:100%;--awb-order-small:0;--awb-spacing-right-small:1.92%;--awb-spacing-left-small:1.92%;\"><div class=\"fusion-column-wrapper fusion-column-has-shadow fusion-flex-justify-content-flex-start fusion-content-layout-column\"><div class=\"fusion-title title fusion-title-10 fusion-sep-none fusion-title-text fusion-title-size-three\" style=\"--awb-margin-top:0px;--awb-margin-right:0px;--awb-margin-left:0px;--awb-margin-top-small:0px;--awb-margin-right-small:0px;--awb-margin-left-small:0px;\"><h3 class=\"fusion-title-heading title-heading-left\" style=\"margin:0;\">Autobus<\/h3><\/div><div class=\"fusion-title title fusion-title-11 fusion-sep-none fusion-title-text fusion-title-size-four\" style=\"--awb-margin-top:0px;--awb-margin-right:0px;--awb-margin-left:0px;--awb-margin-top-small:0px;--awb-margin-right-small:0px;--awb-margin-left-small:0px;\"><h4 class=\"fusion-title-heading title-heading-left\" style=\"margin:0;\">\u00e0 partir de Sophia Antipolis, notamment la SKEMA (11km)<\/h4><\/div><div class=\"fusion-text fusion-text-7\"><p><strong>Ligne A :<\/strong>  liaison entre Antibes-les-Pins et la gare routi\u00e8re de Valbonne Sophia Antipolis, avec des arr\u00eats \u00e0 proximit\u00e9 de la SKEMA. Elle circule de 5h40 \u00e0 21h30 en semaine, et jusqu&rsquo;\u00e0 22h10 le week-end.<\/p>\n<p><strong>Ligne B :<\/strong> relie Antibes-les-Pins \u00e0 Saint-Philippe, en passant par Juan-les-Pins et la SKEMA. Elle fonctionne tous les jours, de 6h25 \u00e0 21h30 en semaine, et jusqu&rsquo;\u00e0 18h45 les week-ends.<\/p>\n<p><strong>Ligne 20 :<\/strong> relie Vallauris \u00e0 la SKEMA, offrant une alternative pratique pour les r\u00e9sidents de Mandara Beach .<\/p>\n<\/div><\/div><\/div><\/div><\/div><\/p>\n","protected":false},"excerpt":{"rendered":"","protected":false},"author":4,"featured_media":0,"parent":0,"menu_order":0,"comment_status":"closed","ping_status":"closed","template":"100-width.php","meta":{"footnotes":""},"class_list":["post-471","page","type-page","status-publish","hentry"],"_links":{"self":[{"href":"https:\/\/mandarabeach.com\/fr\/wp-json\/wp\/v2\/pages\/471","targetHints":{"allow":["GET"]}}],"collection":[{"href":"https:\/\/mandarabeach.com\/fr\/wp-json\/wp\/v2\/pages"}],"about":[{"href":"https:\/\/mandarabeach.com\/fr\/wp-json\/wp\/v2\/types\/page"}],"author":[{"embeddable":true,"href":"https:\/\/mandarabeach.com\/fr\/wp-json\/wp\/v2\/users\/4"}],"replies":[{"embeddable":true,"href":"https:\/\/mandarabeach.com\/fr\/wp-json\/wp\/v2\/comments?post=471"}],"version-history":[{"count":6,"href":"https:\/\/mandarabeach.com\/fr\/wp-json\/wp\/v2\/pages\/471\/revisions"}],"predecessor-version":[{"id":1648,"href":"https:\/\/mandarabeach.com\/fr\/wp-json\/wp\/v2\/pages\/471\/revisions\/1648"}],"wp:attachment":[{"href":"https:\/\/mandarabeach.com\/fr\/wp-json\/wp\/v2\/media?parent=471"}],"curies":[{"name":"wp","href":"https:\/\/api.w.org\/{rel}","templated":true}]}}